{"id":2,"date":"2019-01-29T18:34:25","date_gmt":"2019-01-29T18:34:25","guid":{"rendered":"http:\/\/loslibrosdegaelia.com\/?page_id=2"},"modified":"2021-06-17T11:49:26","modified_gmt":"2021-06-17T11:49:26","slug":"sample-pagehttps-www-instagram-com-los_libros_de_gaelia","status":"publish","type":"page","link":"https:\/\/loslibrosdegaelia.com\/index.php\/sample-pagehttps-www-instagram-com-los_libros_de_gaelia\/","title":{"rendered":"@los_libros_de_gaelia"},"content":{"rendered":"\n<p><a href=\"https:\/\/www.instagram.com\/los_libros_de_gaelia\/\">Los Libros de Gaelia (@los_libros_de_gaelia) \u2022 Fotos y videos de Instagram<\/a><\/p>\n\n\n\n<p>P\u00e1gina de Los Libros de Gaelia en Instagram donde podr\u00e1s encontrar todas las publicaciones que hago con respecto a libros, as\u00ed como noticias varias y art\u00edculos relacionados con la lectura.<\/p>\n","protected":false},"excerpt":{"rendered":"<p>Los Libros de Gaelia (@los_libros_de_gaelia) \u2022 Fotos y videos de Instagram P\u00e1gina de Los Libros de Gaelia en Instagram donde podr\u00e1s encontrar todas las publicaciones que hago con respecto a libros, as\u00ed como noticias varias y art\u00edculos relacionados con la lectura.<\/p>\n","protected":false},"author":1,"featured_media":0,"parent":0,"menu_order":0,"comment_status":"open","ping_status":"open","template":"","meta":{"om_disable_all_campaigns":false,"_monsterinsights_skip_tracking":false,"_monsterinsights_sitenote_active":false,"_monsterinsights_sitenote_note":"","_monsterinsights_sitenote_category":0,"footnotes":""},"class_list":["post-2","page","type-page","status-publish","hentry"],"aioseo_notices":[],"jetpack_sharing_enabled":true,"_links":{"self":[{"href":"https:\/\/loslibrosdegaelia.com\/index.php\/wp-json\/wp\/v2\/pages\/2","targetHints":{"allow":["GET"]}}],"collection":[{"href":"https:\/\/loslibrosdegaelia.com\/index.php\/wp-json\/wp\/v2\/pages"}],"about":[{"href":"https:\/\/loslibrosdegaelia.com\/index.php\/wp-json\/wp\/v2\/types\/page"}],"author":[{"embeddable":true,"href":"https:\/\/loslibrosdegaelia.com\/index.php\/wp-json\/wp\/v2\/users\/1"}],"replies":[{"embeddable":true,"href":"https:\/\/loslibrosdegaelia.com\/index.php\/wp-json\/wp\/v2\/comments?post=2"}],"version-history":[{"count":1,"href":"https:\/\/loslibrosdegaelia.com\/index.php\/wp-json\/wp\/v2\/pages\/2\/revisions"}],"predecessor-version":[{"id":304,"href":"https:\/\/loslibrosdegaelia.com\/index.php\/wp-json\/wp\/v2\/pages\/2\/revisions\/304"}],"wp:attachment":[{"href":"https:\/\/loslibrosdegaelia.com\/index.php\/wp-json\/wp\/v2\/media?parent=2"}],"curies":[{"name":"wp","href":"https:\/\/api.w.org\/{rel}","templated":true}]}}